{"id":6915,"date":"2020-09-03T16:01:49","date_gmt":"2020-09-03T16:01:49","guid":{"rendered":"https:\/\/paystream.ca\/?page_id=6915"},"modified":"2025-03-14T14:59:19","modified_gmt":"2025-03-14T14:59:19","slug":"solutions-detablissement-rapports","status":"publish","type":"page","link":"https:\/\/paystream.ca\/fr\/solutions-detablissement-rapports\/","title":{"rendered":"Solutions d\u2019\u00e9tablissement de rapports"},"content":{"rendered":"\t\t<div data-elementor-type=\"wp-page\" data-elementor-id=\"6915\" class=\"elementor elementor-6915\" data-elementor-post-type=\"page\">\n\t\t\t\t\t\t<section class=\"elementor-section elementor-top-section elementor-element elementor-element-3496afc7 elementor-section-full_width elementor-section-height-min-height elementor-section-items-stretch elementor-section-content-middle elementor-section-height-default\" data-id=\"3496afc7\" data-element_type=\"section\" data-e-type=\"section\" data-settings=\"{&quot;background_background&quot;:&quot;classic&quot;}\">\n\t\t\t\t\t\t<div class=\"elementor-container elementor-column-gap-default\">\n\t\t\t\t\t<div class=\"elementor-column elementor-col-100 elementor-top-column elementor-element elementor-element-64eec923 banner-img\" data-id=\"64eec923\" data-element_type=\"column\" data-e-type=\"column\" data-settings=\"{&quot;background_background&quot;:&quot;classic&quot;}\">\n\t\t\t<div class=\"elementor-widget-wrap elementor-element-populated\">\n\t\t\t\t\t<div class=\"elementor-background-overlay\"><\/div>\n\t\t\t\t\t\t<div class=\"elementor-element elementor-element-7baf2fae elementor-headline--style-highlight elementor-widget elementor-widget-animated-headline\" data-id=\"7baf2fae\" data-element_type=\"widget\" data-e-type=\"widget\" data-settings=\"{&quot;marker&quot;:&quot;underline&quot;,&quot;highlighted_text&quot;:&quot;Solutions d\\u2019\\u00e9tablissement de rapports&quot;,&quot;headline_style&quot;:&quot;highlight&quot;,&quot;loop&quot;:&quot;yes&quot;,&quot;highlight_animation_duration&quot;:1200,&quot;highlight_iteration_delay&quot;:8000}\" data-widget_type=\"animated-headline.default\">\n\t\t\t\t<div class=\"elementor-widget-container\">\n\t\t\t\t\t\t\t<h3 class=\"elementor-headline\">\n\t\t\t\t<span class=\"elementor-headline-dynamic-wrapper elementor-headline-text-wrapper\">\n\t\t\t\t\t<span class=\"elementor-headline-dynamic-text elementor-headline-text-active\">Solutions d\u2019\u00e9tablissement de rapports<\/span>\n\t\t\t\t<\/span>\n\t\t\t\t<\/h3>\n\t\t\t\t\t\t<\/div>\n\t\t\t\t<\/div>\n\t\t\t\t\t<\/div>\n\t\t<\/div>\n\t\t\t\t\t<\/div>\n\t\t<\/section>\n\t\t\t\t<section class=\"elementor-section elementor-top-section elementor-element elementor-element-607be42c elementor-section-boxed elementor-section-height-default elementor-section-height-default\" data-id=\"607be42c\" data-element_type=\"section\" data-e-type=\"section\">\n\t\t\t\t\t\t<div class=\"elementor-container elementor-column-gap-default\">\n\t\t\t\t\t<div class=\"elementor-column elementor-col-100 elementor-top-column elementor-element elementor-element-54be3fe9\" data-id=\"54be3fe9\" data-element_type=\"column\" data-e-type=\"column\">\n\t\t\t<div class=\"elementor-widget-wrap elementor-element-populated\">\n\t\t\t\t\t\t<div class=\"elementor-element elementor-element-2cc20b54 elementor-widget elementor-widget-elementskit-heading\" data-id=\"2cc20b54\" data-element_type=\"widget\" data-e-type=\"widget\" data-widget_type=\"elementskit-heading.default\">\n\t\t\t\t<div class=\"elementor-widget-container\">\n\t\t\t\t\t<div class=\"ekit-wid-con\" ><div class=\"ekit-heading elementskit-section-title-wraper text_center   ekit_heading_tablet-   ekit_heading_mobile-\"><h2 class=\"ekit-heading--title elementskit-section-title \">Solutions d\u2019\u00e9tablissement de rapports<\/h2><\/div><\/div>\t\t\t\t<\/div>\n\t\t\t\t<\/div>\n\t\t\t\t<div class=\"elementor-element elementor-element-4b655f8a elementor-widget elementor-widget-text-editor\" data-id=\"4b655f8a\" data-element_type=\"widget\" data-e-type=\"widget\" data-widget_type=\"text-editor.default\">\n\t\t\t\t<div class=\"elementor-widget-container\">\n\t\t\t\t\t\t\t\t\t<p>Des relev\u00e9s et alertes pour commer\u00e7ants jusqu\u2019\u00e0 notre portail en ligne et tableau de bord Centre de Contr\u00f4le du Commerce\u00ae de nouvelle g\u00e9n\u00e9ration, First Data offre des solutions exhaustives en mati\u00e8re de rapports pour des entreprises de toutes tailles qui permettent une gestion efficace des donn\u00e9es des transactions de paiement.<\/p>\t\t\t\t\t\t\t\t<\/div>\n\t\t\t\t<\/div>\n\t\t\t\t<div class=\"elementor-element elementor-element-246f88aa elementor-widget elementor-widget-spacer\" data-id=\"246f88aa\" data-element_type=\"widget\" data-e-type=\"widget\" data-widget_type=\"spacer.default\">\n\t\t\t\t<div class=\"elementor-widget-container\">\n\t\t\t\t\t\t\t<div class=\"elementor-spacer\">\n\t\t\t<div class=\"elementor-spacer-inner\"><\/div>\n\t\t<\/div>\n\t\t\t\t\t\t<\/div>\n\t\t\t\t<\/div>\n\t\t\t\t\t<\/div>\n\t\t<\/div>\n\t\t\t\t\t<\/div>\n\t\t<\/section>\n\t\t\t\t<section class=\"elementor-section elementor-top-section elementor-element elementor-element-d503d01 elementor-section-boxed elementor-section-height-default elementor-section-height-default\" data-id=\"d503d01\" data-element_type=\"section\" data-e-type=\"section\" data-settings=\"{&quot;background_background&quot;:&quot;classic&quot;}\">\n\t\t\t\t\t\t<div class=\"elementor-container elementor-column-gap-default\">\n\t\t\t\t\t<div class=\"elementor-column elementor-col-50 elementor-top-column elementor-element elementor-element-6b8cacd6\" data-id=\"6b8cacd6\" data-element_type=\"column\" data-e-type=\"column\">\n\t\t\t<div class=\"elementor-widget-wrap elementor-element-populated\">\n\t\t\t\t\t\t<section class=\"elementor-section elementor-inner-section elementor-element elementor-element-2dc92898 elementor-section-boxed elementor-section-height-default elementor-section-height-default\" data-id=\"2dc92898\" data-element_type=\"section\" data-e-type=\"section\">\n\t\t\t\t\t\t<div class=\"elementor-container elementor-column-gap-default\">\n\t\t\t\t\t<div class=\"elementor-column elementor-col-100 elementor-inner-column elementor-element elementor-element-1fc20639\" data-id=\"1fc20639\" data-element_type=\"column\" data-e-type=\"column\" data-settings=\"{&quot;background_background&quot;:&quot;classic&quot;}\">\n\t\t\t<div class=\"elementor-widget-wrap elementor-element-populated\">\n\t\t\t\t\t\t<div class=\"elementor-element elementor-element-4c5e2919 elementor-widget elementor-widget-heading\" data-id=\"4c5e2919\" data-element_type=\"widget\" data-e-type=\"widget\" data-widget_type=\"heading.default\">\n\t\t\t\t<div class=\"elementor-widget-container\">\n\t\t\t\t\t<h2 class=\"elementor-heading-title elementor-size-default\">Avantages pour les entreprises\n<\/h2>\t\t\t\t<\/div>\n\t\t\t\t<\/div>\n\t\t\t\t<div class=\"elementor-element elementor-element-1a2456ce elementor-widget elementor-widget-text-editor\" data-id=\"1a2456ce\" data-element_type=\"widget\" data-e-type=\"widget\" data-widget_type=\"text-editor.default\">\n\t\t\t\t<div class=\"elementor-widget-container\">\n\t\t\t\t\t\t\t\t\t<p>Notre ensemble exhaustif de solutions d\u2019\u00e9tablissement de rapports vous offre des outils flexibles et conviviaux auxquels vous pouvez acc\u00e9der en tout temps pour g\u00e9rer efficacement votre entreprise.<\/p><ul><li style=\"list-style-type: none;\"><ul><li>Acc\u00e9dez aux informations sur les paiements pratiquement partout et en tout temps<\/li><\/ul><\/li><\/ul><p>\u00a0<\/p><ul><li style=\"list-style-type: none;\"><ul><li>G\u00e9rez votre entreprise de fa\u00e7on plus efficace gr\u00e2ce \u00e0 un acc\u00e8s centralis\u00e9 \u00e0 l\u2019information<\/li><\/ul><\/li><\/ul><p>\u00a0<\/p><ul><li style=\"list-style-type: none;\"><ul><li>D\u2019un seul coup d\u2019\u0153il, consultez vos informations de traitement et vos fonctionnalit\u00e9s conviviales<\/li><\/ul><\/li><\/ul><p>\u00a0<\/p><ul><li style=\"list-style-type: none;\"><ul><li>G\u00e9rez vos donn\u00e9es au moyen d\u2019une grande vari\u00e9t\u00e9 de solutions flexibles d\u2019\u00e9tablissement de rapports<\/li><\/ul><\/li><\/ul><p>\u00a0<\/p><ul><li>Soyez au courant des d\u00e9p\u00f4ts cl\u00e9s, des diff\u00e9rends et des r\u00e9conciliations<\/li><\/ul>\t\t\t\t\t\t\t\t<\/div>\n\t\t\t\t<\/div>\n\t\t\t\t<div class=\"elementor-element elementor-element-7239ebfc elementor-widget elementor-widget-gallery\" data-id=\"7239ebfc\" data-element_type=\"widget\" data-e-type=\"widget\" data-settings=\"{&quot;gallery_layout&quot;:&quot;justified&quot;,&quot;ideal_row_height&quot;:{&quot;unit&quot;:&quot;px&quot;,&quot;size&quot;:250,&quot;sizes&quot;:[]},&quot;gap&quot;:{&quot;unit&quot;:&quot;px&quot;,&quot;size&quot;:94,&quot;sizes&quot;:[]},&quot;lazyload&quot;:&quot;yes&quot;,&quot;ideal_row_height_tablet&quot;:{&quot;unit&quot;:&quot;px&quot;,&quot;size&quot;:150,&quot;sizes&quot;:[]},&quot;ideal_row_height_mobile&quot;:{&quot;unit&quot;:&quot;px&quot;,&quot;size&quot;:150,&quot;sizes&quot;:[]},&quot;gap_tablet&quot;:{&quot;unit&quot;:&quot;px&quot;,&quot;size&quot;:10,&quot;sizes&quot;:[]},&quot;gap_mobile&quot;:{&quot;unit&quot;:&quot;px&quot;,&quot;size&quot;:10,&quot;sizes&quot;:[]},&quot;content_hover_animation&quot;:&quot;fade-in&quot;}\" data-widget_type=\"gallery.default\">\n\t\t\t\t<div class=\"elementor-widget-container\">\n\t\t\t\t\t\t\t<div class=\"elementor-gallery__container\">\n\t\t\t\t\t\t\t<div class=\"e-gallery-item elementor-gallery-item elementor-animated-content\">\n\t\t\t\t\t<div class=\"e-gallery-image elementor-gallery-item__image\" data-thumbnail=\"https:\/\/paystream.ca\/wp-content\/uploads\/2020\/07\/1492524455356.png\" data-width=\"150\" data-height=\"288\" aria-label=\"\" role=\"img\" ><\/div>\n\t\t\t\t\t\t\t\t\t\t\t\t\t\t<\/div>\n\t\t\t\t\t\t\t<div class=\"e-gallery-item elementor-gallery-item elementor-animated-content\">\n\t\t\t\t\t<div class=\"e-gallery-image elementor-gallery-item__image\" data-thumbnail=\"https:\/\/paystream.ca\/wp-content\/uploads\/2020\/07\/1490189753721.png\" data-width=\"1046\" data-height=\"665\" aria-label=\"\" role=\"img\" ><\/div>\n\t\t\t\t\t\t\t\t\t\t\t\t\t\t<\/div>\n\t\t\t\t\t<\/div>\n\t\t\t\t\t<\/div>\n\t\t\t\t<\/div>\n\t\t\t\t<div class=\"elementor-element elementor-element-4b35ee3e elementor-widget elementor-widget-heading\" data-id=\"4b35ee3e\" data-element_type=\"widget\" data-e-type=\"widget\" data-widget_type=\"heading.default\">\n\t\t\t\t<div class=\"elementor-widget-container\">\n\t\t\t\t\t<h2 class=\"elementor-heading-title elementor-size-default\">Composants cl\u00e9s<\/h2>\t\t\t\t<\/div>\n\t\t\t\t<\/div>\n\t\t\t\t<div class=\"elementor-element elementor-element-735a6a9d elementor-widget elementor-widget-text-editor\" data-id=\"735a6a9d\" data-element_type=\"widget\" data-e-type=\"widget\" data-widget_type=\"text-editor.default\">\n\t\t\t\t<div class=\"elementor-widget-container\">\n\t\t\t\t\t\t\t\t\t<p>\u00a0<\/p><ul><li style=\"list-style-type: none;\"><ul><li>Centre de Contr\u00f4le du Commerce\u00ae \u2013 Acc\u00e9dez \u00e0 toutes les donn\u00e9es de traitement et g\u00e9rez-les par l\u2019entremise d\u2019un portail Web consolid\u00e9 et convivial<\/li><\/ul><\/li><\/ul><p>\u00a0<\/p><ul><li style=\"list-style-type: none;\"><ul><li>Application mobile Centre de Contr\u00f4le du Commerce\u00ae \u2013 Acc\u00e9dez \u00e0 vos donn\u00e9es de traitement au moyen de votre t\u00e9l\u00e9phone portable<\/li><\/ul><\/li><\/ul><p>\u00a0<\/p><ul><li style=\"list-style-type: none;\"><ul><li>\u00c9tablissement de rapports ClientLine\u00ae* \u2013 Analysez le traitement des paiements gr\u00e2ce \u00e0 un outil d\u2019\u00e9tablissement de rapports tr\u00e8s simple d\u2019utilisation qui vous donne acc\u00e8s aux donn\u00e9es dans des formats flexibles<\/li><\/ul><\/li><\/ul><p>\u00a0<\/p><ul><li style=\"list-style-type: none;\"><ul><li>Data File ManagerSM* \u2013 G\u00e9n\u00e9rez, testez et g\u00e9rez des fichiers de donn\u00e9es brutes aux endroits o\u00f9 vous contr\u00f4lez la mise en place et la livraison<\/li><\/ul><\/li><\/ul><p>\u00a0<\/p><ul><li style=\"list-style-type: none;\"><ul><li>eIDSTM \u2013 Automatisez le processus de gestion des diff\u00e9rends afin de minimiser les pertes li\u00e9es \u00e0 la r\u00e9trofacturation, de r\u00e9duire les risques et de pr\u00e9venir la fraude<\/li><\/ul><\/li><\/ul><p>\u00a0<\/p><ul><li>Alertes pour commer\u00e7ants* \u2013 Recevez rapidement des avis sur les r\u00e9conciliations et les diff\u00e9rends ayant des r\u00e9percussions sur les r\u00e9sultats financiers<\/li><\/ul>\t\t\t\t\t\t\t\t<\/div>\n\t\t\t\t<\/div>\n\t\t\t\t\t<\/div>\n\t\t<\/div>\n\t\t\t\t\t<\/div>\n\t\t<\/section>\n\t\t\t\t\t<\/div>\n\t\t<\/div>\n\t\t\t\t<div class=\"elementor-column elementor-col-50 elementor-top-column elementor-element elementor-element-4748ac74\" data-id=\"4748ac74\" data-element_type=\"column\" data-e-type=\"column\" data-settings=\"{&quot;background_background&quot;:&quot;classic&quot;}\">\n\t\t\t<div class=\"elementor-widget-wrap elementor-element-populated\">\n\t\t\t\t\t\t<section class=\"elementor-section elementor-inner-section elementor-element elementor-element-3b2bd93b elementor-section-boxed elementor-section-height-default elementor-section-height-default\" data-id=\"3b2bd93b\" data-element_type=\"section\" data-e-type=\"section\">\n\t\t\t\t\t\t<div class=\"elementor-container elementor-column-gap-default\">\n\t\t\t\t\t<div class=\"elementor-column elementor-col-100 elementor-inner-column elementor-element elementor-element-10d8ded2\" data-id=\"10d8ded2\" data-element_type=\"column\" data-e-type=\"column\" data-settings=\"{&quot;background_background&quot;:&quot;classic&quot;}\">\n\t\t\t<div class=\"elementor-widget-wrap elementor-element-populated\">\n\t\t\t\t\t\t<div class=\"elementor-element elementor-element-5a9abdbe elementor-view-default elementor-widget elementor-widget-icon\" data-id=\"5a9abdbe\" data-element_type=\"widget\" data-e-type=\"widget\" data-widget_type=\"icon.default\">\n\t\t\t\t<div class=\"elementor-widget-container\">\n\t\t\t\t\t\t\t<div class=\"elementor-icon-wrapper\">\n\t\t\t<div class=\"elementor-icon\">\n\t\t\t<i aria-hidden=\"true\" class=\"icon icon-arrows\"><\/i>\t\t\t<\/div>\n\t\t<\/div>\n\t\t\t\t\t\t<\/div>\n\t\t\t\t<\/div>\n\t\t\t\t<div class=\"elementor-element elementor-element-4d2af2e7 elementor-widget elementor-widget-heading\" data-id=\"4d2af2e7\" data-element_type=\"widget\" data-e-type=\"widget\" data-widget_type=\"heading.default\">\n\t\t\t\t<div class=\"elementor-widget-container\">\n\t\t\t\t\t<h2 class=\"elementor-heading-title elementor-size-default\">Prenez contact avec nous<\/h2>\t\t\t\t<\/div>\n\t\t\t\t<\/div>\n\t\t\t\t<div class=\"elementor-element elementor-element-5891cee1 elementor-align-start elementor-icon-list--layout-traditional elementor-list-item-link-full_width elementor-invisible elementor-widget elementor-widget-icon-list\" data-id=\"5891cee1\" data-element_type=\"widget\" data-e-type=\"widget\" data-settings=\"{&quot;_animation&quot;:&quot;fadeInLeft&quot;}\" data-widget_type=\"icon-list.default\">\n\t\t\t\t<div class=\"elementor-widget-container\">\n\t\t\t\t\t\t\t<ul class=\"elementor-icon-list-items\">\n\t\t\t\t\t\t\t<li class=\"elementor-icon-list-item\">\n\t\t\t\t\t\t\t\t\t\t\t<a href=\"https:\/\/paystream.ca\/fr\/contact\/\">\n\n\t\t\t\t\t\t\t\t\t\t\t\t<span class=\"elementor-icon-list-icon\">\n\t\t\t\t\t\t\t<i aria-hidden=\"true\" class=\"icon icon-phone-call1\"><\/i>\t\t\t\t\t\t<\/span>\n\t\t\t\t\t\t\t\t\t\t<span class=\"elementor-icon-list-text\">DEMANDER \u00c0 \u00caTRE RAPPEL\u00c9<\/span>\n\t\t\t\t\t\t\t\t\t\t\t<\/a>\n\t\t\t\t\t\t\t\t\t<\/li>\n\t\t\t\t\t\t\t\t<li class=\"elementor-icon-list-item\">\n\t\t\t\t\t\t\t\t\t\t\t<a href=\"https:\/\/paystream.ca\/fr\/contact\/\">\n\n\t\t\t\t\t\t\t\t\t\t\t\t<span class=\"elementor-icon-list-icon\">\n\t\t\t\t\t\t\t<i aria-hidden=\"true\" class=\"icon icon-envelope2\"><\/i>\t\t\t\t\t\t<\/span>\n\t\t\t\t\t\t\t\t\t\t<span class=\"elementor-icon-list-text\">TOUTES LES COORDONN\u00c9ES<\/span>\n\t\t\t\t\t\t\t\t\t\t\t<\/a>\n\t\t\t\t\t\t\t\t\t<\/li>\n\t\t\t\t\t\t<\/ul>\n\t\t\t\t\t\t<\/div>\n\t\t\t\t<\/div>\n\t\t\t\t\t<\/div>\n\t\t<\/div>\n\t\t\t\t\t<\/div>\n\t\t<\/section>\n\t\t\t\t\t<\/div>\n\t\t<\/div>\n\t\t\t\t\t<\/div>\n\t\t<\/section>\n\t\t\t\t<\/div>\n\t\t","protected":false},"excerpt":{"rendered":"<p>Solutions d\u2019\u00e9tablissement de rapports Solutions d\u2019\u00e9tablissement de rapports Des relev\u00e9s et alertes pour commer\u00e7ants jusqu\u2019\u00e0 notre portail en ligne et tableau de bord Centre de Contr\u00f4le du Commerce\u00ae de nouvelle g\u00e9n\u00e9ration, First Data offre des solutions exhaustives en mati\u00e8re de rapports pour des entreprises de toutes tailles qui permettent une gestion efficace des donn\u00e9es des [&hellip;]<\/p>\n","protected":false},"author":2,"featured_media":0,"parent":0,"menu_order":0,"comment_status":"closed","ping_status":"closed","template":"elementor_header_footer","meta":{"footnotes":""},"class_list":["post-6915","page","type-page","status-publish","hentry"],"yoast_head":"<!-- This site is optimized with the Yoast SEO plugin v27.0 - https:\/\/yoast.com\/product\/yoast-seo-wordpress\/ -->\n<title>Solutions d\u2019\u00e9tablissement de rapports - Paystream Technologies<\/title>\n<meta name=\"robots\" content=\"index, follow, max-snippet:-1, max-image-preview:large, max-video-preview:-1\" \/>\n<link rel=\"canonical\" href=\"https:\/\/paystream.ca\/fr\/solutions-detablissement-rapports\/\" \/>\n<meta property=\"og:locale\" content=\"fr_FR\" \/>\n<meta property=\"og:type\" content=\"article\" \/>\n<meta property=\"og:title\" content=\"Solutions d\u2019\u00e9tablissement de rapports - Paystream Technologies\" \/>\n<meta property=\"og:description\" content=\"Solutions d\u2019\u00e9tablissement de rapports Solutions d\u2019\u00e9tablissement de rapports Des relev\u00e9s et alertes pour commer\u00e7ants jusqu\u2019\u00e0 notre portail en ligne et tableau de bord Centre de Contr\u00f4le du Commerce\u00ae de nouvelle g\u00e9n\u00e9ration, First Data offre des solutions exhaustives en mati\u00e8re de rapports pour des entreprises de toutes tailles qui permettent une gestion efficace des donn\u00e9es des [&hellip;]\" \/>\n<meta property=\"og:url\" content=\"https:\/\/paystream.ca\/fr\/solutions-detablissement-rapports\/\" \/>\n<meta property=\"og:site_name\" content=\"Paystream Technologies\" \/>\n<meta property=\"article:modified_time\" content=\"2025-03-14T14:59:19+00:00\" \/>\n<meta name=\"twitter:card\" content=\"summary_large_image\" \/>\n<meta name=\"twitter:label1\" content=\"Dur\u00e9e de lecture estim\u00e9e\" \/>\n\t<meta name=\"twitter:data1\" content=\"2 minutes\" \/>\n<script type=\"application\/ld+json\" class=\"yoast-schema-graph\">{\"@context\":\"https:\/\/schema.org\",\"@graph\":[{\"@type\":\"WebPage\",\"@id\":\"https:\/\/paystream.ca\/fr\/solutions-detablissement-rapports\/\",\"url\":\"https:\/\/paystream.ca\/fr\/solutions-detablissement-rapports\/\",\"name\":\"Solutions d\u2019\u00e9tablissement de rapports - Paystream Technologies\",\"isPartOf\":{\"@id\":\"https:\/\/paystream.ca\/fr\/#website\"},\"datePublished\":\"2020-09-03T16:01:49+00:00\",\"dateModified\":\"2025-03-14T14:59:19+00:00\",\"breadcrumb\":{\"@id\":\"https:\/\/paystream.ca\/fr\/solutions-detablissement-rapports\/#breadcrumb\"},\"inLanguage\":\"fr-FR\",\"potentialAction\":[{\"@type\":\"ReadAction\",\"target\":[\"https:\/\/paystream.ca\/fr\/solutions-detablissement-rapports\/\"]}]},{\"@type\":\"BreadcrumbList\",\"@id\":\"https:\/\/paystream.ca\/fr\/solutions-detablissement-rapports\/#breadcrumb\",\"itemListElement\":[{\"@type\":\"ListItem\",\"position\":1,\"name\":\"Home\",\"item\":\"https:\/\/paystream.ca\/fr\/\"},{\"@type\":\"ListItem\",\"position\":2,\"name\":\"Solutions d\u2019\u00e9tablissement de rapports\"}]},{\"@type\":\"WebSite\",\"@id\":\"https:\/\/paystream.ca\/fr\/#website\",\"url\":\"https:\/\/paystream.ca\/fr\/\",\"name\":\"Paystream Technologies\",\"description\":\"\",\"potentialAction\":[{\"@type\":\"SearchAction\",\"target\":{\"@type\":\"EntryPoint\",\"urlTemplate\":\"https:\/\/paystream.ca\/fr\/?s={search_term_string}\"},\"query-input\":{\"@type\":\"PropertyValueSpecification\",\"valueRequired\":true,\"valueName\":\"search_term_string\"}}],\"inLanguage\":\"fr-FR\"}]}<\/script>\n<!-- \/ Yoast SEO plugin. -->","yoast_head_json":{"title":"Solutions d\u2019\u00e9tablissement de rapports - Paystream Technologies","robots":{"index":"index","follow":"follow","max-snippet":"max-snippet:-1","max-image-preview":"max-image-preview:large","max-video-preview":"max-video-preview:-1"},"canonical":"https:\/\/paystream.ca\/fr\/solutions-detablissement-rapports\/","og_locale":"fr_FR","og_type":"article","og_title":"Solutions d\u2019\u00e9tablissement de rapports - Paystream Technologies","og_description":"Solutions d\u2019\u00e9tablissement de rapports Solutions d\u2019\u00e9tablissement de rapports Des relev\u00e9s et alertes pour commer\u00e7ants jusqu\u2019\u00e0 notre portail en ligne et tableau de bord Centre de Contr\u00f4le du Commerce\u00ae de nouvelle g\u00e9n\u00e9ration, First Data offre des solutions exhaustives en mati\u00e8re de rapports pour des entreprises de toutes tailles qui permettent une gestion efficace des donn\u00e9es des [&hellip;]","og_url":"https:\/\/paystream.ca\/fr\/solutions-detablissement-rapports\/","og_site_name":"Paystream Technologies","article_modified_time":"2025-03-14T14:59:19+00:00","twitter_card":"summary_large_image","twitter_misc":{"Dur\u00e9e de lecture estim\u00e9e":"2 minutes"},"schema":{"@context":"https:\/\/schema.org","@graph":[{"@type":"WebPage","@id":"https:\/\/paystream.ca\/fr\/solutions-detablissement-rapports\/","url":"https:\/\/paystream.ca\/fr\/solutions-detablissement-rapports\/","name":"Solutions d\u2019\u00e9tablissement de rapports - Paystream Technologies","isPartOf":{"@id":"https:\/\/paystream.ca\/fr\/#website"},"datePublished":"2020-09-03T16:01:49+00:00","dateModified":"2025-03-14T14:59:19+00:00","breadcrumb":{"@id":"https:\/\/paystream.ca\/fr\/solutions-detablissement-rapports\/#breadcrumb"},"inLanguage":"fr-FR","potentialAction":[{"@type":"ReadAction","target":["https:\/\/paystream.ca\/fr\/solutions-detablissement-rapports\/"]}]},{"@type":"BreadcrumbList","@id":"https:\/\/paystream.ca\/fr\/solutions-detablissement-rapports\/#breadcrumb","itemListElement":[{"@type":"ListItem","position":1,"name":"Home","item":"https:\/\/paystream.ca\/fr\/"},{"@type":"ListItem","position":2,"name":"Solutions d\u2019\u00e9tablissement de rapports"}]},{"@type":"WebSite","@id":"https:\/\/paystream.ca\/fr\/#website","url":"https:\/\/paystream.ca\/fr\/","name":"Paystream Technologies","description":"","potentialAction":[{"@type":"SearchAction","target":{"@type":"EntryPoint","urlTemplate":"https:\/\/paystream.ca\/fr\/?s={search_term_string}"},"query-input":{"@type":"PropertyValueSpecification","valueRequired":true,"valueName":"search_term_string"}}],"inLanguage":"fr-FR"}]}},"_links":{"self":[{"href":"https:\/\/paystream.ca\/fr\/wp-json\/wp\/v2\/pages\/6915","targetHints":{"allow":["GET"]}}],"collection":[{"href":"https:\/\/paystream.ca\/fr\/wp-json\/wp\/v2\/pages"}],"about":[{"href":"https:\/\/paystream.ca\/fr\/wp-json\/wp\/v2\/types\/page"}],"author":[{"embeddable":true,"href":"https:\/\/paystream.ca\/fr\/wp-json\/wp\/v2\/users\/2"}],"replies":[{"embeddable":true,"href":"https:\/\/paystream.ca\/fr\/wp-json\/wp\/v2\/comments?post=6915"}],"version-history":[{"count":12,"href":"https:\/\/paystream.ca\/fr\/wp-json\/wp\/v2\/pages\/6915\/revisions"}],"predecessor-version":[{"id":12206,"href":"https:\/\/paystream.ca\/fr\/wp-json\/wp\/v2\/pages\/6915\/revisions\/12206"}],"wp:attachment":[{"href":"https:\/\/paystream.ca\/fr\/wp-json\/wp\/v2\/media?parent=6915"}],"curies":[{"name":"wp","href":"https:\/\/api.w.org\/{rel}","templated":true}]}}